{"id":379,"date":"2020-11-30T08:42:20","date_gmt":"2020-11-30T08:42:20","guid":{"rendered":"https:\/\/imconsulting.es\/?page_id=379"},"modified":"2023-08-02T11:17:24","modified_gmt":"2023-08-02T11:17:24","slug":"politica-de-cookies","status":"publish","type":"page","link":"https:\/\/imconsulting.es\/en\/politica-de-cookies\/","title":{"rendered":"Cookies policy"},"content":{"rendered":"<div data-elementor-type=\"wp-page\" data-elementor-id=\"379\" class=\"elementor elementor-379\" data-elementor-settings=\"{&quot;ha_cmc_init_switcher&quot;:&quot;no&quot;}\" data-elementor-post-type=\"page\">\n\t\t\t\t\t\t<section class=\"elementor-section elementor-top-section elementor-element elementor-element-bc2bd7b elementor-section-boxed elementor-section-height-default elementor-section-height-default\" data-id=\"bc2bd7b\" data-element_type=\"section\" data-e-type=\"section\" data-settings=\"{&quot;background_background&quot;:&quot;classic&quot;,&quot;_ha_eqh_enable&quot;:false}\">\n\t\t\t\t\t\t<div class=\"elementor-container elementor-column-gap-default\">\n\t\t\t\t\t<div class=\"elementor-column elementor-col-100 elementor-top-column elementor-element elementor-element-a85ee18\" data-id=\"a85ee18\" data-element_type=\"column\" data-e-type=\"column\">\n\t\t\t<div class=\"elementor-widget-wrap elementor-element-populated\">\n\t\t\t\t\t\t<div class=\"elementor-element elementor-element-d281b98 elementor-widget elementor-widget-spacer\" data-id=\"d281b98\" data-element_type=\"widget\" data-e-type=\"widget\" data-widget_type=\"spacer.default\">\n\t\t\t\t<div class=\"elementor-widget-container\">\n\t\t\t\t\t\t\t<div class=\"elementor-spacer\">\n\t\t\t<div class=\"elementor-spacer-inner\"><\/div>\n\t\t<\/div>\n\t\t\t\t\t\t<\/div>\n\t\t\t\t<\/div>\n\t\t\t\t\t<\/div>\n\t\t<\/div>\n\t\t\t\t\t<\/div>\n\t\t<\/section>\n\t\t\t\t<section class=\"elementor-section elementor-top-section elementor-element elementor-element-348e200 elementor-section-boxed elementor-section-height-default elementor-section-height-default\" data-id=\"348e200\" data-element_type=\"section\" data-e-type=\"section\" data-settings=\"{&quot;_ha_eqh_enable&quot;:false}\">\n\t\t\t\t\t\t<div class=\"elementor-container elementor-column-gap-default\">\n\t\t\t\t\t<div class=\"elementor-column elementor-col-100 elementor-top-column elementor-element elementor-element-a69c9c9\" data-id=\"a69c9c9\" data-element_type=\"column\" data-e-type=\"column\">\n\t\t\t<div class=\"elementor-widget-wrap elementor-element-populated\">\n\t\t\t\t\t\t<div class=\"elementor-element elementor-element-3e00ad9 elementor-widget elementor-widget-heading\" data-id=\"3e00ad9\" data-element_type=\"widget\" data-e-type=\"widget\" data-widget_type=\"heading.default\">\n\t\t\t\t<div class=\"elementor-widget-container\">\n\t\t\t\t\t<h2 class=\"elementor-heading-title elementor-size-default\">POLITICA DE COOKIES<\/h2>\t\t\t\t<\/div>\n\t\t\t\t<\/div>\n\t\t\t\t<div class=\"elementor-element elementor-element-f0835d2 elementor-widget elementor-widget-text-editor\" data-id=\"f0835d2\" data-element_type=\"widget\" data-e-type=\"widget\" data-widget_type=\"text-editor.default\">\n\t\t\t\t<div class=\"elementor-widget-container\">\n\t\t\t\t\t\t\t\t\t<p>Las cookies son peque\u00f1as cantidades de informaci\u00f3n que se almacenan en el navegador utilizado por cada usuario para que el servidor recuerde cierta informaci\u00f3n.<\/p>\t\t\t\t\t\t\t\t<\/div>\n\t\t\t\t<\/div>\n\t\t\t\t<div class=\"elementor-element elementor-element-5f7c18b elementor-widget elementor-widget-heading\" data-id=\"5f7c18b\" data-element_type=\"widget\" data-e-type=\"widget\" data-widget_type=\"heading.default\">\n\t\t\t\t<div class=\"elementor-widget-container\">\n\t\t\t\t\t<h4 class=\"elementor-heading-title elementor-size-default\">POLITICA DE COOKIES QUE UTILIZAMOS<\/h4>\t\t\t\t<\/div>\n\t\t\t\t<\/div>\n\t\t\t\t<div class=\"elementor-element elementor-element-8ef0f43 elementor-widget elementor-widget-text-editor\" data-id=\"8ef0f43\" data-element_type=\"widget\" data-e-type=\"widget\" data-widget_type=\"text-editor.default\">\n\t\t\t\t<div class=\"elementor-widget-container\">\n\t\t\t\t\t\t\t\t\t<p style=\"background: white; vertical-align: baseline; margin: 0cm 0cm 19.2pt 0cm;\"><span style=\"font-size: 11.5pt; font-family: Montserrat; color: black;\">Esta p\u00e1gina web utiliza cookies de terceros que son aquellas que se env\u00edan a tu ordenador o terminal desde un dominio o una p\u00e1gina web que no es gestionada por nosotros, sino por otra entidad que trata los datos obtenidos a trav\u00e9s de las cookies.<\/span><\/p><p style=\"background: white; vertical-align: baseline; margin: 0cm 0cm 19.2pt 0cm;\"><span style=\"font-size: 11.5pt; font-family: Montserrat; color: black;\">En este caso las Cookies son utilizadas con fines estad\u00edsticos relacionados con las visitas que recibe y las p\u00e1ginas que se consultan, quedando aceptado su uso al navegar por ella.<\/span><\/p><table><tbody><tr><td width=\"189\"><p><strong>COOOKIE<\/strong><\/p><p><strong>(Y PROVEEDOR)<\/strong><\/p><\/td><td width=\"189\"><p><strong>DURACI\u00d3N<\/strong><\/p><\/td><td width=\"189\"><p><strong>DESCRIPCI\u00d3N<\/strong><\/p><\/td><\/tr><tr><td width=\"189\"><p>__cdduid (notin.es)<\/p><\/td><td width=\"189\"><p>Sesi\u00f3n<\/p><\/td><td width=\"189\"><p>Publicidad<\/p><\/td><\/tr><tr><td width=\"189\"><p>Personalizaci\u00f3n_id (twitter.com<\/p><\/td><td width=\"189\"><p>Sesi\u00f3n<\/p><\/td><td width=\"189\"><p>Twitter<\/p><\/td><\/tr><tr><td width=\"189\"><p>Facebook<\/p><\/td><td width=\"189\"><p>Publicidad, estad\u00edsticas y mediciones<\/p><\/td><td width=\"189\"><p>Coloca Cookies en el ordenador o dispositivo y recibe la informaci\u00f3n almacenada en ellas cuando utilizas o visitas servicios prestados por otras empresas que utilizan los servicios de Facebook.<\/p><\/td><\/tr><tr><td width=\"189\"><p>_ga (Google)<\/p><\/td><td width=\"189\"><p>2 a\u00f1os<\/p><\/td><td width=\"189\"><p>Se usa para distinguir a los usuarios<\/p><\/td><\/tr><tr><td width=\"189\"><p>_gid (Google)<\/p><\/td><td width=\"189\"><p>24 horas<\/p><\/td><td width=\"189\"><p>Se usa para distinguir a los usuarios<\/p><\/td><\/tr><tr><td width=\"189\"><p>_gat (Google)<\/p><p><u>\u00a0<\/u><\/p><\/td><td width=\"189\"><p>1 minuto<\/p><\/td><td width=\"189\"><p>Se usa para limitar el porcentaje de solicitudes. Si has implementado Google Analytics mediante Google Tag Manager, esta cookie se llamar\u00e1 _dc_gtm_&lt;property-id&gt;.<\/p><\/td><\/tr><tr><td width=\"189\"><p>_gali (Google)<\/p><\/td><td width=\"189\"><p>30s<\/p><\/td><td width=\"189\"><p>Atribuci\u00f3n de enlace mejorada.<\/p><\/td><\/tr><tr><td width=\"189\"><p>_unam (SHARETHIS)<\/p><\/td><td width=\"189\"><p>Persistente<\/p><\/td><td width=\"189\"><p>Su finalidad es cuantificar el n\u00famero de Usuarios que comparten un determinado contenido y cu\u00e1ntas p\u00e1ginas webs son visitadas a ra\u00edz de esa canci\u00f3n.<\/p><\/td><\/tr><tr><td width=\"189\"><p>WordPress<\/p><\/td><td width=\"189\"><p>2 a\u00f1os<\/p><\/td><td width=\"189\"><p>Utilizado para el correcto funcionamiento del gestor de contenido WordPress.<\/p><\/td><\/tr><\/tbody><\/table>\t\t\t\t\t\t\t\t<\/div>\n\t\t\t\t<\/div>\n\t\t\t\t<div class=\"elementor-element elementor-element-d0b787a elementor-widget elementor-widget-text-editor\" data-id=\"d0b787a\" data-element_type=\"widget\" data-e-type=\"widget\" data-widget_type=\"text-editor.default\">\n\t\t\t\t<div class=\"elementor-widget-container\">\n\t\t\t\t\t\t\t\t\t<p>Si desea informaci\u00f3n m\u00e1s sobre los tipos de cookies de seguimiento y an\u00e1lisis de datos de Google <a href=\"https:\/\/policies.google.com\/technologies\/cookies?hl=es&amp;gl=es#types-of-cookies\">haga clic aqu\u00ed<\/a>.<\/p><p>Para informarse sobre c\u00f3mo eliminar las cookies de su explorador:<\/p><ul><li><a href=\"https:\/\/support.mozilla.org\/es\/kb\/habilitar-y-deshabilitar-cookies-sitios-web-rastrear-preferencias\">Firefox<\/a><\/li><li><a href=\"https:\/\/support.google.com\/chrome\/answer\/95647?hl=es\">Chrome<\/a><\/li><li><a href=\"https:\/\/support.microsoft.com\/es-es\/topic\/eliminar-y-administrar-cookies-168dab11-0753-043d-7c16-ede5947fc64d\">Internet Explorer<\/a><\/li><li><a href=\"https:\/\/support.apple.com\/es-es\/guide\/safari\/sfri11471\/mac\">Safari<\/a><\/li><li><a href=\"https:\/\/www.comparitech.com\/es\/blog\/vpn-privacidad\/borrar-cookies-chrome-firefox-edge-safari-opera\/\">Opera<\/a><\/li><\/ul>\t\t\t\t\t\t\t\t<\/div>\n\t\t\t\t<\/div>\n\t\t\t\t\t<\/div>\n\t\t<\/div>\n\t\t\t\t\t<\/div>\n\t\t<\/section>\n\t\t\t\t<\/div>","protected":false},"excerpt":{"rendered":"<p>POLITICA DE COOKIES Las cookies son peque\u00f1as cantidades de informaci\u00f3n que se almacenan en el navegador utilizado por cada usuario para que el servidor recuerde cierta informaci\u00f3n. POLITICA DE COOKIES QUE UTILIZAMOS Esta p\u00e1gina web utiliza cookies de terceros que son aquellas que se env\u00edan a tu ordenador o terminal desde un dominio o una [&hellip;]<\/p>\n","protected":false},"author":1,"featured_media":0,"parent":0,"menu_order":0,"comment_status":"closed","ping_status":"closed","template":"elementor_header_footer","meta":{"footnotes":""},"class_list":["post-379","page","type-page","status-publish","hentry"],"_links":{"self":[{"href":"https:\/\/imconsulting.es\/en\/wp-json\/wp\/v2\/pages\/379","targetHints":{"allow":["GET"]}}],"collection":[{"href":"https:\/\/imconsulting.es\/en\/wp-json\/wp\/v2\/pages"}],"about":[{"href":"https:\/\/imconsulting.es\/en\/wp-json\/wp\/v2\/types\/page"}],"author":[{"embeddable":true,"href":"https:\/\/imconsulting.es\/en\/wp-json\/wp\/v2\/users\/1"}],"replies":[{"embeddable":true,"href":"https:\/\/imconsulting.es\/en\/wp-json\/wp\/v2\/comments?post=379"}],"version-history":[{"count":5,"href":"https:\/\/imconsulting.es\/en\/wp-json\/wp\/v2\/pages\/379\/revisions"}],"predecessor-version":[{"id":787,"href":"https:\/\/imconsulting.es\/en\/wp-json\/wp\/v2\/pages\/379\/revisions\/787"}],"wp:attachment":[{"href":"https:\/\/imconsulting.es\/en\/wp-json\/wp\/v2\/media?parent=379"}],"curies":[{"name":"wp","href":"https:\/\/api.w.org\/{rel}","templated":true}]}}